{"id":72,"date":"2016-04-29T14:08:37","date_gmt":"2016-04-29T14:08:37","guid":{"rendered":"http:\/\/hb-themes.com\/themes\/highend\/online-shop\/?post_type=product&#038;p=72"},"modified":"2023-05-12T19:59:22","modified_gmt":"2023-05-12T19:59:22","slug":"250mg-fullspectrum-oildrops-lavender","status":"publish","type":"product","link":"https:\/\/colombiangoldextracts.com\/es\/producto\/250mg-fullspectrum-oildrops-lavender\/","title":{"rendered":"250MG &#8211; Full Spectrum &#8211; CBD Oil Drops (Lavender)"},"content":{"rendered":"<p><b>250MG CBD | 30ML BOTTLE | 8MG PER 1ML<\/b><\/p>\n<div class=\"product attribute overview\">\n<div class=\"value\">\n<p>This CBD oil is a great option and a fan favorite for beginners to prepare their bodies for CBD and adjust the strength moving forward to find out what works for them. Choose from four flavor options: Citrus Grove, Lavender, Tropical Fruit, and Wild Berry.<\/p>\n<\/div>\n<\/div>\n<div class=\"product attribute bullet-points\">\n<div class=\"value\">250MG per bottle and 8MG per 1ML (1 Full Dropper) of Full-Spectrum CBD blended with fractionated coconut oil and produced with the highest quality standards. The COLOMBIAN GOLD CBD Drops feature an integrated easy-drop applicator and are made from all-natural ingredients to provide a premium product that can also be used topically on the skin.<\/div>\n<\/div>\n<p>Los extractos de espectro completo contienen CBD junto con otros compuestos vegetales, como cannabinoides menores y terpenos. La combinaci\u00f3n de estos compuestos vegetales magnifica el CBD a trav\u00e9s de un efecto s\u00e9quito.<\/p>\n<p><b>Benefits:<\/b><\/p>\n<p>Truly a Holistic Remedy and more than just CBD: COLOMBIAN GOLD EXTRACTS contain CBD plus other natural occurring phytocannabinoids, terpenes, flavonoids, essential fatty acids, and more in every serving.<\/p>\n<p>Our premium Holistic Hemp extract with CBD is designed to help:<\/p>\n<p>Support a sense of calm*<\/p>\n<p>Manage everyday stresses*<\/p>\n<p>Maintain healthy sleep cycles*<\/p>\n<p>recovery from exercise helps with inflammation*<\/p>\n<p>&nbsp;<\/p>\n<p>We use a Holistic wellness approach to our COLOMBIAN GOLD\u00ae formulas, our premium hemp is paired with a carrier oil and other beneficial oils rich in antioxidants and omega-3, 6, 7, along with one of the only plant-based sources of unsaturated fatty acids.<\/p>\n<p><b>Additional\u00a0Information:<\/b><\/p>\n<ul>\n<li>Our hemp is Colombian grown, Colombia is setting the worldwide benchmark for cannabis regulations from quality and safety to strict controls in manufacturing processes. Regulatory compliance under GMP standards means that many tests and controls must be carried out on all related products in the value chain. Our hemp is Organic sun grown to produce truly the world&#8217;s finest hemp.<\/li>\n<li>We source all our ingredients from native regions of our planet where these plants and superfoods grow naturally.<\/li>\n<li>Approx. 8MG of CBD per 1ML serving<\/li>\n<li>Dropper included<\/li>\n<li>The color of hemp extract CBD oil can vary from batch to batch. COLOMBIAN GOLD CBD does not use additives or dyes to standardize the color of our products.<\/li>\n<li>COLOMBIAN GOLD EXTRACTS are whole hemp plant extracts which include all the beneficial properties of the hemp plant including phytocannabinoids, terpenes, flavonoids, and essential fatty acids.<\/li>\n<li>Warning consuming this product can expose you to chemicals including beta-myrcene, which is known to the state of California to cause cancer and \u22069- Tetrahydrocannabinol, which is known to the state of California to cause birth defects or other reproductive harm. For more information go to<\/li>\n<\/ul>\n<p style=\"text-align: center;\"><a href=\"http:\/\/www.P65Warnings.ca.gov\/food\">www.P65Warnings.ca.gov\/food<\/a><\/p>\n<p>&nbsp;<\/p>\n<p><b>Para Obtener los Mejores Resultados:<\/b><\/p>\n<ul>\n<li>Colocar un gotero lleno (1ML) bajo la lengua<\/li>\n<li>Dejar que se absorba durante 90 segundos<\/li>\n<li>Los efectos suelen sentirse en 45 minutos y pueden durar entre 3 y 6 horas<\/li>\n<li>Tambi\u00e9n se recomienda el uso t\u00f3pico, aplicar generosamente sobre la piel y frotar<\/li>\n<li>No utilizar alrededor de los ojos ni sobre la piel rota<\/li>\n<li>La constancia es la clave del \u00e9xito, util\u00edcelo a diario seg\u00fan sea necesario<\/li>\n<li>Store at room temperature away from light.<\/li>\n<li>\u00a0Mixing the Oil into favorite food or drink is always welcomed.<\/li>\n<\/ul>\n<p><b>Ingredientes:<\/b><\/p>\n<ul>\n<li>Extracto de CBD de espectro completo derivado del c\u00e1\u00f1amo<\/li>\n<li>Triglic\u00e9ridos de cadena media (MCT) de aceite de coco fraccionado<\/li>\n<li>Aceite de girasol<\/li>\n<li>Aceites esenciales<\/li>\n<li>Sea Buckthorn oil<\/li>\n<li>Stevia Leaf Extract<\/li>\n<\/ul>\n<p>&nbsp;<\/p>\n<p><b>Garant\u00eda de calidad:<\/b><\/p>\n<ul>\n<li>Certified testing\u00a0\u00a0CA200810-011-027<\/li>\n<li>&lt;0.3%\u00a0THC*<\/li>\n<li>Sin pesticidas, contaminaci\u00f3n microbiana ni metales pesados<\/li>\n<li>No GMO<\/li>\n<li>Sin Gluten<\/li>\n<\/ul>\n<p>&nbsp;<\/p>\n<p>*Sin efectos psicoactivos. Este producto no ha sido evaluado por la Administraci\u00f3n de Alimentos y Medicamentos y no est\u00e1 destinado a diagnosticar, tratar, curar o prevenir ninguna enfermedad. Este producto no es un suplemento diet\u00e9tico.\u00a0Si est\u00e1 en periodo de lactancia, embarazada, padece una enfermedad grave o est\u00e1 tomando otra medicaci\u00f3n, consulte a su m\u00e9dico antes de utilizarlo. Mantener fuera del alcance de los ni\u00f1os.<\/p>\n<p>&nbsp;<\/p>","protected":false},"excerpt":{"rendered":"<p>El aceite de CBD de espectro completo contiene todos los cannabinoides, flavonoides y terpenos, &lt;0,3% de THC*<\/p>\n<p>El CBD de espectro completo incluye peque\u00f1as cantidades de todos estos compuestos, incluido el THC.<\/p>\n<p>*Sin efectos psicoactivos<\/p>","protected":false},"featured_media":582,"comment_status":"open","ping_status":"closed","template":"","meta":{"nf_dc_page":"","om_disable_all_campaigns":false},"product_brand":[],"product_cat":[68,54],"product_tag":[44,46,50,47,45,53,49,41,42,43,51,52],"class_list":{"0":"post-72","1":"product","2":"type-product","3":"status-publish","4":"has-post-thumbnail","6":"product_cat-cbd-oil-drops","7":"product_cat-cbd-oils","8":"product_tag-cbd","9":"product_tag-cbd-balm","10":"product_tag-cbd-coffee","11":"product_tag-cbd-lotion","12":"product_tag-cbd-oil","13":"product_tag-cbd-therapy","14":"product_tag-cbd-vape","15":"product_tag-colombian-gold","16":"product_tag-colombian-gold-extracts","17":"product_tag-colombian-gold-cbd","18":"product_tag-hemp","19":"product_tag-hemp-oil","21":"first","22":"instock","23":"taxable","24":"shipping-taxable","25":"purchasable","26":"product-type-simple"},"jetpack_sharing_enabled":true,"_links":{"self":[{"href":"https:\/\/colombiangoldextracts.com\/es\/wp-json\/wp\/v2\/product\/72","targetHints":{"allow":["GET"]}}],"collection":[{"href":"https:\/\/colombiangoldextracts.com\/es\/wp-json\/wp\/v2\/product"}],"about":[{"href":"https:\/\/colombiangoldextracts.com\/es\/wp-json\/wp\/v2\/types\/product"}],"replies":[{"embeddable":true,"href":"https:\/\/colombiangoldextracts.com\/es\/wp-json\/wp\/v2\/comments?post=72"}],"wp:featuredmedia":[{"embeddable":true,"href":"https:\/\/colombiangoldextracts.com\/es\/wp-json\/wp\/v2\/media\/582"}],"wp:attachment":[{"href":"https:\/\/colombiangoldextracts.com\/es\/wp-json\/wp\/v2\/media?parent=72"}],"wp:term":[{"taxonomy":"product_brand","embeddable":true,"href":"https:\/\/colombiangoldextracts.com\/es\/wp-json\/wp\/v2\/product_brand?post=72"},{"taxonomy":"product_cat","embeddable":true,"href":"https:\/\/colombiangoldextracts.com\/es\/wp-json\/wp\/v2\/product_cat?post=72"},{"taxonomy":"product_tag","embeddable":true,"href":"https:\/\/colombiangoldextracts.com\/es\/wp-json\/wp\/v2\/product_tag?post=72"}],"curies":[{"name":"wp","href":"https:\/\/api.w.org\/{rel}","templated":true}]}}