{"id":105,"date":"2016-04-29T15:13:43","date_gmt":"2016-04-29T15:13:43","guid":{"rendered":"http:\/\/hb-themes.com\/themes\/highend\/online-shop\/?post_type=product&#038;p=105"},"modified":"2023-02-24T00:40:35","modified_gmt":"2023-02-24T00:40:35","slug":"2000mg-fullspectrum-oildrops-citrusgrove","status":"publish","type":"product","link":"https:\/\/colombiangoldextracts.com\/es\/producto\/2000mg-fullspectrum-oildrops-citrusgrove\/","title":{"rendered":"2000MG - Espectro completo- aceite de CBD (C\u00edrculo de c\u00edtricos)"},"content":{"rendered":"<p><b>2000MG DE CBD | BOTELLA DE 30ML | 66MG POR 1ML<\/b><\/p>\n<p>2000MG de extracto de CBD de espectro completo mezclado con aceite de coco fraccionado y producido con los m\u00e1s altos est\u00e1ndares de calidad. Las gotas de CBD COLOMBIAN GOLD\u00ae cuentan con un aplicador integrado de f\u00e1cil aplicaci\u00f3n y est\u00e1n elaboradas con ingredientes totalmente naturales para ofrecer un producto de primera calidad que tambi\u00e9n puede utilizarse de forma t\u00f3pica sobre la piel.<b><br \/>\n<\/b><\/p>\n<p>Los extractos de espectro completo contienen CBD junto con otros compuestos vegetales, como cannabinoides menores y terpenos. La combinaci\u00f3n de estos compuestos vegetales magnifica el CBD a trav\u00e9s de un efecto s\u00e9quito.<\/p>\n<p>&nbsp;<\/p>\n<p><b>Para Obtener los Mejores Resultados:<\/b><\/p>\n<ul>\n<li>Colocar un gotero lleno (1ML) bajo la lengua<\/li>\n<li>Dejar que se absorba durante 90 segundos<\/li>\n<li>Los efectos suelen sentirse en 45 minutos y pueden durar entre 3 y 6 horas<\/li>\n<li>Tambi\u00e9n se recomienda el uso t\u00f3pico, aplicar generosamente sobre la piel y frotar<\/li>\n<li>No utilizar alrededor de los ojos ni sobre la piel rota<\/li>\n<li>La constancia es la clave del \u00e9xito, util\u00edcelo a diario seg\u00fan sea necesario<\/li>\n<\/ul>\n<p>&nbsp;<\/p>\n<p><b>Ingredientes:<\/b><\/p>\n<ul>\n<li>Extracto de CBD de espectro completo derivado del c\u00e1\u00f1amo<\/li>\n<li>Triglic\u00e9ridos de cadena media (MCT) de aceite de coco fraccionado<\/li>\n<li>Aceite de girasol<\/li>\n<li>Aceites esenciales<\/li>\n<li>Sea Buckthorn Oil<\/li>\n<li>Stevia Leaf Extract<\/li>\n<\/ul>\n<p>&nbsp;<\/p>\n<p><b>Garant\u00eda de calidad:<\/b><\/p>\n<ul>\n<li>Prueba certificada CA200810-011-026<\/li>\n<li>&lt;0.3%\u00a0THC*<\/li>\n<li>Sin pesticidas, contaminaci\u00f3n microbiana ni metales pesados<\/li>\n<li>No GMO<\/li>\n<li>Sin Gluten<\/li>\n<\/ul>\n<p>&nbsp;<\/p>\n<p>*Sin efectos psicoactivos. Este producto no ha sido evaluado por la Administraci\u00f3n de Alimentos y Medicamentos y no est\u00e1 destinado a diagnosticar, tratar, curar o prevenir ninguna enfermedad. Este producto no es un suplemento diet\u00e9tico.\u00a0Si est\u00e1 en periodo de lactancia, embarazada, padece una enfermedad grave o est\u00e1 tomando otra medicaci\u00f3n, consulte a su m\u00e9dico antes de utilizarlo. Mantener fuera del alcance de los ni\u00f1os.<\/p>\n<p>&nbsp;<\/p>","protected":false},"excerpt":{"rendered":"<p>El aceite de CBD de espectro completo contiene todos los cannabinoides, flavonoides y terpenos, &lt;0,3% de THC*<\/p>\n<p>El CBD de espectro completo incluye peque\u00f1as cantidades de todos estos compuestos, incluido el THC.<\/p>\n<p>*Sin efectos psicoactivos<\/p>","protected":false},"featured_media":575,"comment_status":"open","ping_status":"closed","template":"","meta":{"nf_dc_page":"","om_disable_all_campaigns":false},"product_brand":[],"product_cat":[54],"product_tag":[44,46,50,47,45,53,49,41,74,42,43,51,52],"class_list":{"0":"post-105","1":"product","2":"type-product","3":"status-publish","4":"has-post-thumbnail","6":"product_cat-cbd-oils","7":"product_tag-cbd","8":"product_tag-cbd-balm","9":"product_tag-cbd-coffee","10":"product_tag-cbd-lotion","11":"product_tag-cbd-oil","12":"product_tag-cbd-therapy","13":"product_tag-cbd-vape","14":"product_tag-colombian-gold","15":"product_tag-colombian-gold-brand","16":"product_tag-colombian-gold-extracts","17":"product_tag-colombian-gold-cbd","18":"product_tag-hemp","19":"product_tag-hemp-oil","21":"first","22":"instock","23":"taxable","24":"shipping-taxable","25":"purchasable","26":"product-type-simple"},"jetpack_sharing_enabled":true,"_links":{"self":[{"href":"https:\/\/colombiangoldextracts.com\/es\/wp-json\/wp\/v2\/product\/105","targetHints":{"allow":["GET"]}}],"collection":[{"href":"https:\/\/colombiangoldextracts.com\/es\/wp-json\/wp\/v2\/product"}],"about":[{"href":"https:\/\/colombiangoldextracts.com\/es\/wp-json\/wp\/v2\/types\/product"}],"replies":[{"embeddable":true,"href":"https:\/\/colombiangoldextracts.com\/es\/wp-json\/wp\/v2\/comments?post=105"}],"wp:featuredmedia":[{"embeddable":true,"href":"https:\/\/colombiangoldextracts.com\/es\/wp-json\/wp\/v2\/media\/575"}],"wp:attachment":[{"href":"https:\/\/colombiangoldextracts.com\/es\/wp-json\/wp\/v2\/media?parent=105"}],"wp:term":[{"taxonomy":"product_brand","embeddable":true,"href":"https:\/\/colombiangoldextracts.com\/es\/wp-json\/wp\/v2\/product_brand?post=105"},{"taxonomy":"product_cat","embeddable":true,"href":"https:\/\/colombiangoldextracts.com\/es\/wp-json\/wp\/v2\/product_cat?post=105"},{"taxonomy":"product_tag","embeddable":true,"href":"https:\/\/colombiangoldextracts.com\/es\/wp-json\/wp\/v2\/product_tag?post=105"}],"curies":[{"name":"wp","href":"https:\/\/api.w.org\/{rel}","templated":true}]}}