{"id":232,"date":"2016-06-27T11:27:52","date_gmt":"2016-06-27T11:27:52","guid":{"rendered":"http:\/\/hb-themes.com\/themes\/highend\/online-shop\/?page_id=8"},"modified":"2023-03-27T16:27:40","modified_gmt":"2023-03-27T16:27:40","slug":"8-2","status":"publish","type":"page","link":"https:\/\/colombiangoldextracts.com\/es\/","title":{"rendered":"Home"},"content":{"rendered":"<div class=\"wpb-content-wrapper\"><div class=\"vc_row element-row row vc_custom_1624311902373 vc_row-has-fill highend_vc_custom_1624311902373\"><div class=\"wpb_column vc_column_container vc_col-sm-12\"><div class=\"vc_column-inner\"><div class=\"wpb_wrapper\"><h2 style=\"font-size: 18px;color: #ffffff;text-align: center\" class=\"vc_custom_heading italic-heading vc_custom_1623109365423\" >TODO NATURAL<\/h2><div class=\"vc_separator wpb_content_element vc_separator_align_center vc_sep_width_20 vc_sep_pos_align_center vc_separator_no_text vc_sep_color_white wpb_content_element  wpb_content_element\" ><span class=\"vc_sep_holder vc_sep_holder_l\"><span class=\"vc_sep_line\"><\/span><\/span><span class=\"vc_sep_holder vc_sep_holder_r\"><span class=\"vc_sep_line\"><\/span><\/span>\n<\/div><h2 style=\"font-size: 32px;color: #ffffff;line-height: 36px;text-align: center\" class=\"vc_custom_heading\" >HEMP-DERIVADO<\/h2><h2 style=\"font-size: 35px;color: #ffffff;line-height: 0.9;text-align: center\" class=\"vc_custom_heading\" >CBD PRODUCTS<\/h2><h2 style=\"font-size: 14px;color: #ffffff;line-height: 1;text-align: center\" class=\"vc_custom_heading italic-heading vc_custom_1623109318243\" >100% PLANT-BASED<\/h2><div class=\"shortcode-wrapper shortcode-spacer clearfix\"><div class=\"spacer\"><\/div><\/div><div class=\"aligncenter\"><a href=\"https:\/\/colombiangoldextracts.com\/es\/shop-2\/\" class=\"hb-button hb-second-light hb-default-button no-three-d\" target=\"_self\" style=\"-webkit-border-radius: 2px;-moz-border-radius: 2px;border-radius: 2px;\">Comprar ahora<\/a><\/div><\/div><\/div><\/div><\/div><div class=\"vc_row element-row row vc_custom_1469890147572 highend_vc_custom_1469890147572\"><div class=\"wpb_column vc_column_container vc_col-sm-12\"><div class=\"vc_column-inner\"><div class=\"wpb_wrapper\"><div class=\"shortcode-wrapper shortcode-title clearfix\"><h1 class=\"aligncenter\">Extractos de CBD Premium<\/h1><\/div><div class=\"vc_empty_space\"   style=\"height: 25px\"><span class=\"vc_empty_space_inner\"><\/span><\/div><div class=\"shortcode-wrapper shortcode-title clearfix\"><h5 class=\"aligncenter\">Productos de c\u00e1\u00f1amo org\u00e1nico con infusi\u00f3n de CBD<br \/>\nSiempre con certificado de laboratorio para garantizar la calidad<\/h5><\/div><div class=\"vc_empty_space\"   style=\"height: 50px\"><span class=\"vc_empty_space_inner\"><\/span><\/div><div class=\"shortcode-wrapper shortcode-separator clearfix hb-animate-element hb-fade-in\" ><div class=\"hb-separator\" ><\/div><\/div><\/div><\/div><\/div><\/div><div class=\"vc_row element-row row vc_custom_1467300571967 highend_vc_custom_1467300571967\"><div class=\"wpb_column vc_column_container vc_col-sm-12\"><div class=\"vc_column-inner\"><div class=\"wpb_wrapper\"><div class=\"shortcode-wrapper shortcode-title clearfix\"><h1 class=\"aligncenter\">Productos destacados<\/h1><\/div><div class=\"vc_empty_space\"   style=\"height: 25px\"><span class=\"vc_empty_space_inner\"><\/span><\/div><div class=\"shortcode-wrapper shortcode-title clearfix\"><h5 class=\"aligncenter\">Gotas de CBD de uso t\u00f3pico en la piel y sublingual bajo la lengua<\/h5><\/div><div class=\"vc_empty_space\"   style=\"height: 50px\"><span class=\"vc_empty_space_inner\"><\/span><\/div><div class=\"woocommerce columns-3\"><div class=\"row products columns-3\">\n\n<div class=\"hb-woo-product post-546 product type-product status-publish has-post-thumbnail product_cat-vape product_tag-cbd-products product_tag-cbd-vape product_tag-colombian-gold product_tag-colombian-gold-brand product_tag-colombian-gold-extracts product_tag-colombian-gold-cbd first outofstock taxable shipping-taxable purchasable product-type-simple\">\n\n\t<a href=\"https:\/\/colombiangoldextracts.com\/es\/producto\/colombiangold-cbd-vape\/\" class=\"woocommerce-LoopProduct-link woocommerce-loop-product__link\">\n\t<a href=\"https:\/\/colombiangoldextracts.com\/es\/producto\/colombiangold-cbd-vape\/\">\n\t<div class=\"hb-woo-image-wrap\">\n\n\t\t<img data-recalc-dims=\"1\" loading=\"lazy\" decoding=\"async\" width=\"300\" height=\"300\" src=\"https:\/\/i0.wp.com\/colombiangoldextracts.com\/wp-content\/uploads\/2023\/01\/IMG_3982.jpg?resize=300%2C300&#038;ssl=1\" class=\"attachment-woocommerce_thumbnail size-woocommerce_thumbnail\" alt=\"COLOMBIAN GOLD\u00ae BRAND CBD_vape 100MG_Blue Raspberry\" srcset=\"https:\/\/i0.wp.com\/colombiangoldextracts.com\/wp-content\/uploads\/2023\/01\/IMG_3982-scaled.jpg?resize=300%2C300&amp;ssl=1 300w, https:\/\/i0.wp.com\/colombiangoldextracts.com\/wp-content\/uploads\/2023\/01\/IMG_3982-scaled.jpg?resize=150%2C150&amp;ssl=1 150w, https:\/\/i0.wp.com\/colombiangoldextracts.com\/wp-content\/uploads\/2023\/01\/IMG_3982-scaled.jpg?resize=100%2C100&amp;ssl=1 100w, https:\/\/i0.wp.com\/colombiangoldextracts.com\/wp-content\/uploads\/2023\/01\/IMG_3982-scaled.jpg?zoom=2&amp;resize=300%2C300&amp;ssl=1 600w, https:\/\/i0.wp.com\/colombiangoldextracts.com\/wp-content\/uploads\/2023\/01\/IMG_3982-scaled.jpg?zoom=3&amp;resize=300%2C300&amp;ssl=1 900w\" sizes=\"auto, (max-width: 300px) 100vw, 300px\" \/><span class=\"out-of-stock-badge\">Sold out<\/span>\t\t\t\t<span class=\"product-loading-icon\"><\/span>\t\t\n\t\t<a href=\"https:\/\/colombiangoldextracts.com\/es\/producto\/colombiangold-cbd-vape\/\" class=\"hb-buy-button no-action\">READ MORE<\/a>\t\t\t<\/div>\n\t<\/a>\n\n\t<div class=\"hb-product-meta-wrapper\">\n        <div class=\"hb-product-meta\">\n\n            <div class=\"hb-woo-product-details\">\n                <a href=\"https:\/\/colombiangoldextracts.com\/es\/producto\/colombiangold-cbd-vape\/\"><h3 class=\"woocommerce-loop-product__title\">COLOMBIAN GOLD\u00ae BRAND CBD_vape 100MG_Blue Raspberry<\/h3><\/a>\n                                <div class=\"woo-cats\"><span class=\"hb-woo-shop-cats\"> <a href=\"https:\/\/colombiangoldextracts.com\/es\/categoria-producto\/vape\/\" rel=\"tag\">Vape<\/a><\/span><\/div>\n            <\/div>\n        <\/div>\n    \n        <div class=\"hb-product-price-likes\">\n        \n\t<span class=\"price\"><span class=\"woocommerce-Price-amount amount\"><span class=\"woocommerce-Price-currencySymbol\">&#36;<\/span>14.99<\/span><\/span>\n        <\/div>\n\n    <\/div>\n<\/div>\n\n\n<div class=\"hb-woo-product post-587 product type-product status-publish has-post-thumbnail product_cat-apparel product_tag-apparel product_tag-colombian-gold-apparel product_tag-colombian-gold-brand product_tag-colombian-gold-extracts product_tag-colombian-gold-cbd  instock taxable shipping-taxable purchasable product-type-simple\">\n\n\t<a href=\"https:\/\/colombiangoldextracts.com\/es\/producto\/colombian-gold-brand-t-shirt\/\" class=\"woocommerce-LoopProduct-link woocommerce-loop-product__link\">\n\t<a href=\"https:\/\/colombiangoldextracts.com\/es\/producto\/colombian-gold-brand-t-shirt\/\">\n\t<div class=\"hb-woo-image-wrap\">\n\n\t\t<img data-recalc-dims=\"1\" loading=\"lazy\" decoding=\"async\" width=\"300\" height=\"300\" src=\"https:\/\/i0.wp.com\/colombiangoldextracts.com\/wp-content\/uploads\/2023\/01\/CG_COIN_Tshirt-1.jpg?resize=300%2C300&#038;ssl=1\" class=\"attachment-woocommerce_thumbnail size-woocommerce_thumbnail\" alt=\"COLOMBIAN GOLD\u00ae BRAND T-Shirt\" srcset=\"https:\/\/i0.wp.com\/colombiangoldextracts.com\/wp-content\/uploads\/2023\/01\/CG_COIN_Tshirt-1.jpg?resize=300%2C300&amp;ssl=1 300w, https:\/\/i0.wp.com\/colombiangoldextracts.com\/wp-content\/uploads\/2023\/01\/CG_COIN_Tshirt-1.jpg?resize=150%2C150&amp;ssl=1 150w, https:\/\/i0.wp.com\/colombiangoldextracts.com\/wp-content\/uploads\/2023\/01\/CG_COIN_Tshirt-1.jpg?resize=100%2C100&amp;ssl=1 100w, https:\/\/i0.wp.com\/colombiangoldextracts.com\/wp-content\/uploads\/2023\/01\/CG_COIN_Tshirt-1.jpg?zoom=2&amp;resize=300%2C300&amp;ssl=1 600w\" sizes=\"auto, (max-width: 300px) 100vw, 300px\" \/>\t\t\t\t<span class=\"product-loading-icon\"><\/span>\t\t\t\t\t<\/a><a href=\"\/es\/wp-json\/wp\/v2\/pages\/232?add-to-cart=587\" aria-describedby=\"woocommerce_loop_add_to_cart_link_describedby_587\" data-quantity=\"1\" class=\"button product_type_simple add_to_cart_button ajax_add_to_cart hb-buy-button\" data-product_id=\"587\" data-product_sku=\"CG\/BLK\/BRND\/TS\" aria-label=\"A\u00f1adir al carrito: \u201cCOLOMBIAN GOLD\u00ae BRAND T-Shirt\u201d\" rel=\"nofollow\" data-success_message=\"\u00abCOLOMBIAN GOLD\u00ae BRAND T-Shirt\u00bb se ha a\u00f1adido a tu carrito\" role=\"button\" data-no-translation=\"\" data-trp-gettext=\"\" data-no-translation-aria-label=\"\" data-no-translation-data-success_message=\"\">A\u00f1adir a la cesta<\/a><span id=\"woocommerce_loop_add_to_cart_link_describedby_587\" class=\"screen-reader-text\">\n\t<\/span>\n\n\t\t\t\t<a href=\"https:\/\/colombiangoldextracts.com\/es\/producto\/colombian-gold-brand-t-shirt\/\" rel=\"nofollow\" class=\"hb-more-details\">View Details<\/a>\t<\/div>\n\t<\/a>\n\n\t<div class=\"hb-product-meta-wrapper\">\n        <div class=\"hb-product-meta\">\n\n            <div class=\"hb-woo-product-details\">\n                <a href=\"https:\/\/colombiangoldextracts.com\/es\/producto\/colombian-gold-brand-t-shirt\/\"><h3 class=\"woocommerce-loop-product__title\">COLOMBIAN GOLD\u00ae BRAND T-Shirt<\/h3><\/a>\n                                <div class=\"woo-cats\"><span class=\"hb-woo-shop-cats\"> <a href=\"https:\/\/colombiangoldextracts.com\/es\/categoria-producto\/apparel\/\" rel=\"tag\">Apparel<\/a><\/span><\/div>\n            <\/div>\n        <\/div>\n    \n        <div class=\"hb-product-price-likes\">\n        \n\t<span class=\"price\"><span class=\"woocommerce-Price-amount amount\"><span class=\"woocommerce-Price-currencySymbol\">&#36;<\/span>19.99<\/span><\/span>\n        <\/div>\n\n    <\/div>\n<\/div>\n\n\n<div class=\"hb-woo-product post-118 product type-product status-publish has-post-thumbnail product_cat-cbd-oils product_tag-cbd product_tag-cbd-balm product_tag-cbd-coffee product_tag-cbd-lotion product_tag-cbd-oil product_tag-cbd-therapy product_tag-cbd-vape product_tag-colombian-gold product_tag-colombian-gold-brand product_tag-colombian-gold-extracts product_tag-colombian-gold-cbd product_tag-hemp product_tag-hemp-oil last instock taxable shipping-taxable purchasable product-type-simple\">\n\n\t<a href=\"https:\/\/colombiangoldextracts.com\/es\/producto\/2000mg-fullspectrum-oildrops-lav\/\" class=\"woocommerce-LoopProduct-link woocommerce-loop-product__link\">\n\t<a href=\"https:\/\/colombiangoldextracts.com\/es\/producto\/2000mg-fullspectrum-oildrops-lav\/\">\n\t<div class=\"hb-woo-image-wrap\">\n\n\t\t<img data-recalc-dims=\"1\" loading=\"lazy\" decoding=\"async\" width=\"300\" height=\"300\" src=\"https:\/\/i0.wp.com\/colombiangoldextracts.com\/wp-content\/uploads\/2023\/01\/2000_Lavender_DROPS.jpg?resize=300%2C300&#038;ssl=1\" class=\"attachment-woocommerce_thumbnail size-woocommerce_thumbnail\" alt=\"2000MG - Full Spectrum - CBD Oil Drops (Lavender)\" srcset=\"https:\/\/i0.wp.com\/colombiangoldextracts.com\/wp-content\/uploads\/2023\/01\/2000_Lavender_DROPS-scaled.jpg?resize=300%2C300&amp;ssl=1 300w, https:\/\/i0.wp.com\/colombiangoldextracts.com\/wp-content\/uploads\/2023\/01\/2000_Lavender_DROPS-scaled.jpg?resize=150%2C150&amp;ssl=1 150w, https:\/\/i0.wp.com\/colombiangoldextracts.com\/wp-content\/uploads\/2023\/01\/2000_Lavender_DROPS-scaled.jpg?resize=100%2C100&amp;ssl=1 100w, https:\/\/i0.wp.com\/colombiangoldextracts.com\/wp-content\/uploads\/2023\/01\/2000_Lavender_DROPS-scaled.jpg?zoom=2&amp;resize=300%2C300&amp;ssl=1 600w, https:\/\/i0.wp.com\/colombiangoldextracts.com\/wp-content\/uploads\/2023\/01\/2000_Lavender_DROPS-scaled.jpg?zoom=3&amp;resize=300%2C300&amp;ssl=1 900w\" sizes=\"auto, (max-width: 300px) 100vw, 300px\" \/>\t\t<div class=\"star-wrapper\"><div class=\"star-rating\"><span style=\"width:100%\"><strong itemprop=\"ratingValue\" class=\"rating\">5.00<\/strong> out of 5<\/span><\/div><\/div>\t\t<span class=\"product-loading-icon\"><\/span>\t\t\t\t\t<\/a><a href=\"\/es\/wp-json\/wp\/v2\/pages\/232?add-to-cart=118\" aria-describedby=\"woocommerce_loop_add_to_cart_link_describedby_118\" data-quantity=\"1\" class=\"button product_type_simple add_to_cart_button ajax_add_to_cart hb-buy-button\" data-product_id=\"118\" data-product_sku=\"2000\/FS\/LAV\/DROPS\" aria-label=\"A\u00f1adir al carrito: \u201c2000MG - Full Spectrum - CBD Oil Drops (Lavender)\u201d\" rel=\"nofollow\" data-success_message=\"\u00ab2000MG - Full Spectrum - CBD Oil Drops (Lavender)\u00bb se ha a\u00f1adido a tu carrito\" role=\"button\" data-no-translation=\"\" data-trp-gettext=\"\" data-no-translation-aria-label=\"\" data-no-translation-data-success_message=\"\">A\u00f1adir a la cesta<\/a><span id=\"woocommerce_loop_add_to_cart_link_describedby_118\" class=\"screen-reader-text\">\n\t<\/span>\n\n\t\t\t\t<a href=\"https:\/\/colombiangoldextracts.com\/es\/producto\/2000mg-fullspectrum-oildrops-lav\/\" rel=\"nofollow\" class=\"hb-more-details\">View Details<\/a>\t<\/div>\n\t<\/a>\n\n\t<div class=\"hb-product-meta-wrapper\">\n        <div class=\"hb-product-meta\">\n\n            <div class=\"hb-woo-product-details\">\n                <a href=\"https:\/\/colombiangoldextracts.com\/es\/producto\/2000mg-fullspectrum-oildrops-lav\/\"><h3 class=\"woocommerce-loop-product__title\">2000MG - Espectro completo- aceite de CBD (Lavanda)<\/h3><\/a>\n                                <div class=\"woo-cats\"><span class=\"hb-woo-shop-cats\"> <a href=\"https:\/\/colombiangoldextracts.com\/es\/categoria-producto\/cbd-oils\/\" rel=\"tag\">CBD Oils<\/a><\/span><\/div>\n            <\/div>\n        <\/div>\n    \n        <div class=\"hb-product-price-likes\">\n        \n\t<span class=\"price\"><span class=\"woocommerce-Price-amount amount\"><span class=\"woocommerce-Price-currencySymbol\">&#36;<\/span>64.99<\/span><\/span>\n        <\/div>\n\n    <\/div>\n<\/div>\n\n<\/div><\/div><\/div><\/div><\/div><\/div><div class=\"vc_row element-row row vc_row-o-equal-height vc_row-flex highend_69ea06bfca922\"><div class=\"wpb_column vc_column_container vc_col-sm-12\"><div class=\"vc_column-inner\"><div class=\"wpb_wrapper\"><div class=\"woocommerce columns-4\"><\/div><\/div><\/div><\/div><\/div><div data-vc-full-width=\"true\" data-vc-full-width-init=\"false\" class=\"vc_row element-row row vc_custom_1469894864523 highend_vc_custom_1469894864523\"><div class=\"fw-content-wrap\"><div class=\"vc_row\"><div class=\"wpb_column vc_column_container vc_col-sm-12\"><div class=\"vc_column-inner\"><div class=\"wpb_wrapper\"><div class=\"shortcode-wrapper shortcode-title clearfix\"><h1 class=\"aligncenter\">Noticias del blog<\/h1><\/div><div class=\"vc_empty_space\"   style=\"height: 25px\"><span class=\"vc_empty_space_inner\"><\/span><\/div><div class=\"shortcode-wrapper shortcode-title clearfix\"><h5 class=\"aligncenter\">Informaci\u00f3n actualizada sobre remedios hol\u00edsticos basados en plantas y productos con infusi\u00f3n de CBD extra\u00eddo del c\u00e1\u00f1amo<\/h5><\/div><div class=\"vc_empty_space\"   style=\"height: 50px\"><span class=\"vc_empty_space_inner\"><\/span><\/div><\/div><\/div><\/div><style type=\"text\/css\">.highend_vc_custom_1469894864523{background-color: #efefef;}<\/style><\/div><\/div><\/div><div class=\"vc_row-full-width vc_clearfix\"><\/div><div data-vc-full-width=\"true\" data-vc-full-width-init=\"false\" class=\"vc_row element-row row vc_custom_1470041955347 highend_vc_custom_1470041955347\"><div class=\"fw-content-wrap\"><div class=\"vc_row\"><div class=\"wpb_column vc_column_container vc_col-sm-12\"><div class=\"vc_column-inner\"><div class=\"wpb_wrapper\"><div class=\"shortcode-wrapper shortcode-blog-boxes\"><div class=\"row\"><div class=\"col-4\"><div class=\"hb-blog-box\"><div class=\"hb-blog-box-header\"><a href=\"https:\/\/colombiangoldextracts.com\/es\/our-cause\/\"><img data-recalc-dims=\"1\" loading=\"lazy\" decoding=\"async\" width=\"600\" height=\"400\" src=\"https:\/\/i0.wp.com\/colombiangoldextracts.com\/wp-content\/uploads\/2023\/02\/red_eye_frog.webp?resize=600%2C400&#038;ssl=1\" alt=\"\"><\/a><\/div><div class=\"hb-blog-box-content\"><div class=\"hb-blog-box-title\"><h3><a href=\"https:\/\/colombiangoldextracts.com\/es\/our-cause\/\">Our Cause<\/a><\/h3><\/div><div class=\"hb-blog-box-excerpt\"><p>COLOMBIAN GOLD\u00ae CBD supports the Amazon Conservation Association. South America\u2019s Amazon contains nearly a third&hellip;<\/p><\/div><\/div><div class=\"hb-blog-box-footer clearfix without-date\"><span class=\"hb-blog-box-date\">febrero 16, 2023<\/span><span class=\"hb-blog-box-read-more\"><a href=\"https:\/\/colombiangoldextracts.com\/es\/our-cause\/\" class=\"hb-special-read-more\">Read More<span><i class=\"hb-moon-arrow-right-5\"><\/i><\/span><\/a><\/span><\/div><\/div><\/div><div class=\"col-4\"><div class=\"hb-blog-box\"><div class=\"hb-blog-box-header\"><a href=\"https:\/\/colombiangoldextracts.com\/es\/high-quality-ingredients\/\"><img data-recalc-dims=\"1\" loading=\"lazy\" decoding=\"async\" width=\"600\" height=\"400\" src=\"https:\/\/i0.wp.com\/colombiangoldextracts.com\/wp-content\/uploads\/2021\/06\/IMG_0190-Edit-scaled.jpg?resize=600%2C400&#038;ssl=1\" alt=\"\"><\/a><\/div><div class=\"hb-blog-box-content\"><div class=\"hb-blog-box-title\"><h3><a href=\"https:\/\/colombiangoldextracts.com\/es\/high-quality-ingredients\/\">High Quality Ingredients<\/a><\/h3><\/div><div class=\"hb-blog-box-excerpt\"><p>COLOMBIAN GOLD EXTRACTS sources high quality ingredients from indigenous regions of our planet where these&hellip;<\/p><\/div><\/div><div class=\"hb-blog-box-footer clearfix without-date\"><span class=\"hb-blog-box-date\">marzo 27, 2023<\/span><span class=\"hb-blog-box-read-more\"><a href=\"https:\/\/colombiangoldextracts.com\/es\/high-quality-ingredients\/\" class=\"hb-special-read-more\">Read More<span><i class=\"hb-moon-arrow-right-5\"><\/i><\/span><\/a><\/span><\/div><\/div><\/div><div class=\"col-4\"><div class=\"hb-blog-box\"><div class=\"hb-blog-box-header\"><a href=\"https:\/\/colombiangoldextracts.com\/es\/superfoods-for-body\/\"><img data-recalc-dims=\"1\" loading=\"lazy\" decoding=\"async\" width=\"600\" height=\"400\" src=\"https:\/\/i0.wp.com\/colombiangoldextracts.com\/wp-content\/uploads\/2020\/11\/IMG-2051.jpg?resize=600%2C400&#038;ssl=1\" alt=\"\"><\/a><\/div><div class=\"hb-blog-box-content\"><div class=\"hb-blog-box-title\"><h3><a href=\"https:\/\/colombiangoldextracts.com\/es\/superfoods-for-body\/\">Superalimentos para el cuerpo y la piel<\/a><\/h3><\/div><div class=\"hb-blog-box-excerpt\"><p>Los alimentos ricos en vitaminas, minerales y antioxidantes son una de las partes m\u00e1s importantes de...<\/p><\/div><\/div><div class=\"hb-blog-box-footer clearfix without-date\"><span class=\"hb-blog-box-date\">agosto 30, 2020<\/span><span class=\"hb-blog-box-read-more\"><a href=\"https:\/\/colombiangoldextracts.com\/es\/superfoods-for-body\/\" class=\"hb-special-read-more\">Read More<span><i class=\"hb-moon-arrow-right-5\"><\/i><\/span><\/a><\/span><\/div><\/div><\/div><\/div><\/div><\/div><\/div><\/div><style type=\"text\/css\">.highend_vc_custom_1470041955347{background-color: #efefef;}<\/style><\/div><\/div><\/div><div class=\"vc_row-full-width vc_clearfix\"><\/div>\n<\/div>","protected":false},"excerpt":{"rendered":"Foods rich in vitamins, minerals and antioxidants is one of the most important parts of living a healthy lifestyle. Science [...]","protected":false},"author":1,"featured_media":426,"parent":0,"menu_order":0,"comment_status":"closed","ping_status":"closed","template":"","meta":{"nf_dc_page":"","om_disable_all_campaigns":false,"footnotes":""},"class_list":["post-232","page","type-page","status-publish","has-post-thumbnail","hentry"],"jetpack_sharing_enabled":true,"_links":{"self":[{"href":"https:\/\/colombiangoldextracts.com\/es\/wp-json\/wp\/v2\/pages\/232","targetHints":{"allow":["GET"]}}],"collection":[{"href":"https:\/\/colombiangoldextracts.com\/es\/wp-json\/wp\/v2\/pages"}],"about":[{"href":"https:\/\/colombiangoldextracts.com\/es\/wp-json\/wp\/v2\/types\/page"}],"author":[{"embeddable":true,"href":"https:\/\/colombiangoldextracts.com\/es\/wp-json\/wp\/v2\/users\/1"}],"replies":[{"embeddable":true,"href":"https:\/\/colombiangoldextracts.com\/es\/wp-json\/wp\/v2\/comments?post=232"}],"version-history":[{"count":5,"href":"https:\/\/colombiangoldextracts.com\/es\/wp-json\/wp\/v2\/pages\/232\/revisions"}],"predecessor-version":[{"id":625,"href":"https:\/\/colombiangoldextracts.com\/es\/wp-json\/wp\/v2\/pages\/232\/revisions\/625"}],"wp:featuredmedia":[{"embeddable":true,"href":"https:\/\/colombiangoldextracts.com\/es\/wp-json\/wp\/v2\/media\/426"}],"wp:attachment":[{"href":"https:\/\/colombiangoldextracts.com\/es\/wp-json\/wp\/v2\/media?parent=232"}],"curies":[{"name":"wp","href":"https:\/\/api.w.org\/{rel}","templated":true}]}}